{"id":8,"date":"2016-10-24T23:31:07","date_gmt":"2016-10-24T21:31:07","guid":{"rendered":"http:\/\/www.crealise.de\/?page_id=8"},"modified":"2016-12-28T15:31:22","modified_gmt":"2016-12-28T14:31:22","slug":"kontakt","status":"publish","type":"page","link":"http:\/\/www.crealise.de\/?page_id=8","title":{"rendered":"\u00dcber mich&#8230;"},"content":{"rendered":"<p>CreaLise \u2013 das bin ich, Christin, 33 Jahre jung, Mama von 2 bezaubernden T\u00f6chtern und als Heilerziehungspflegerin t\u00e4tig. Geboren und aufgewachsen bin ich in der sch\u00f6nen Oberlausitz, wo ich auch heute noch mit meiner\u00a0Familie und meinen Tieren zuhause bin. Ich mag die Natur total, genie\u00dfe es aber auch mit einem\u00a0guten Buch auf der Couch zu liegen.<\/p>\n<p>Im Jahr 2013 habe ich das N\u00e4hen f\u00fcr mich entdeckt. Angefangen mit Kleinigkeiten f\u00fcr den\u00a0Nachwuchs, wagte ich mich langsam an Kinderbekleidung.\u00a0Seit 2015 gibt es nun mein eigenes kleines Label \u201eCreaLise\u201c und ich fertige auf Wunsch individuelle\u00a0Sachen.<\/p>\n<p>Ich n\u00e4he auf einer W6 N 5000, einer Gritzner 788 und seit letztem Jahr bin ich auch stolze Besitzerin\u00a0einer Brother Innovis E755 Strickmaschine. Meine Stoffe bestelle ich oft im Internet, aber auch\u00a0unsere kleinen Stoffl\u00e4den in der Region unterst\u00fctze ich sehr gern.<\/p>\n<p>Nun viel Freude beim St\u00f6bern auf meiner Seite!<\/p>\n<p>Eure Christin<\/p>\n","protected":false},"excerpt":{"rendered":"<p>CreaLise \u2013 das bin ich, Christin, 33 Jahre jung, Mama von 2 bezaubernden T\u00f6chtern und als Heilerziehungspflegerin t\u00e4tig. Geboren und aufgewachsen bin ich in der sch\u00f6nen Oberlausitz, wo ich auch heute noch mit meiner\u00a0Familie und meinen Tieren zuhause bin. Ich mag die Natur total, genie\u00dfe es aber auch mit einem\u00a0guten Buch auf der Couch zu [&hellip;]<\/p>\n","protected":false},"author":1,"featured_media":69,"parent":0,"menu_order":0,"comment_status":"closed","ping_status":"closed","template":"","meta":[],"_links":{"self":[{"href":"http:\/\/www.crealise.de\/index.php?rest_route=\/wp\/v2\/pages\/8"}],"collection":[{"href":"http:\/\/www.crealise.de\/index.php?rest_route=\/wp\/v2\/pages"}],"about":[{"href":"http:\/\/www.crealise.de\/index.php?rest_route=\/wp\/v2\/types\/page"}],"author":[{"embeddable":true,"href":"http:\/\/www.crealise.de\/index.php?rest_route=\/wp\/v2\/users\/1"}],"replies":[{"embeddable":true,"href":"http:\/\/www.crealise.de\/index.php?rest_route=%2Fwp%2Fv2%2Fcomments&post=8"}],"version-history":[{"count":3,"href":"http:\/\/www.crealise.de\/index.php?rest_route=\/wp\/v2\/pages\/8\/revisions"}],"predecessor-version":[{"id":75,"href":"http:\/\/www.crealise.de\/index.php?rest_route=\/wp\/v2\/pages\/8\/revisions\/75"}],"wp:featuredmedia":[{"embeddable":true,"href":"http:\/\/www.crealise.de\/index.php?rest_route=\/wp\/v2\/media\/69"}],"wp:attachment":[{"href":"http:\/\/www.crealise.de\/index.php?rest_route=%2Fwp%2Fv2%2Fmedia&parent=8"}],"curies":[{"name":"wp","href":"https:\/\/api.w.org\/{rel}","templated":true}]}}